{"id":11,"date":"2025-07-23T16:02:43","date_gmt":"2025-07-23T16:02:43","guid":{"rendered":"https:\/\/staging.efos-europa.eu\/?page_id=11"},"modified":"2025-07-23T16:02:43","modified_gmt":"2025-07-23T16:02:43","slug":"members","status":"publish","type":"page","link":"https:\/\/staging.efos-europa.eu\/?page_id=11","title":{"rendered":"Members"},"content":{"rendered":"\n<p><img decoding=\"async\" src=\"https:\/\/www.efos-europa.eu\/fileadmin\/templates\/efos\/Afbeeldingen\/boom140x135.jpg\" alt=\"\"><\/p>\n\n\n\n<p>NGO with consultative status at the U.N.<\/p>\n\n\n\n<figure class=\"wp-block-image\"><a href=\"https:\/\/www.efos-europa.eu\/\"><img decoding=\"async\" src=\"https:\/\/www.efos-europa.eu\/fileadmin\/templates\/efos\/Afbeeldingen\/SchrijfwijzeEFOS.png\" alt=\"European Federation of Older Students\"\/><\/a><\/figure>\n\n\n\n<h1 class=\"wp-block-heading\"><\/h1>\n\n\n\n<h2 class=\"wp-block-heading\">European Federation of Older Students<\/h2>\n\n\n\n<h3 class=\"wp-block-heading\">Europ\u00e4ische Vereinigung \u00e4lterer Studierender an den Universit\u00e4ten<\/h3>\n\n\n\n<h3 class=\"wp-block-heading\">European Federation of Older Students at the Universities<\/h3>\n\n\n\n<h3 class=\"wp-block-heading\">F\u00e9d\u00e9ration Europ\u00e9enne des \u00c9tudiants \u00c2g\u00e9s aux Universit\u00e9s<\/h3>\n\n\n\n<ul class=\"wp-block-list\">\n<li><a href=\"https:\/\/www.efos-europa.eu\/en\/board\/\">Board<\/a><\/li>\n\n\n\n<li><a href=\"https:\/\/www.efos-europa.eu\/en\/members\/\">Members<\/a><\/li>\n\n\n\n<li><a href=\"https:\/\/www.efos-europa.eu\/en\/contact\/\">Contact<\/a><\/li>\n\n\n\n<li><a href=\"https:\/\/www.efos-europa.eu\/en\/sitemap\/\">Sitemap<\/a><\/li>\n\n\n\n<li><a href=\"https:\/\/www.efos-europa.eu\/en\/links\/\">Links<\/a><\/li>\n<\/ul>\n\n\n\n<figure class=\"wp-block-image\"><a href=\"https:\/\/www.efos-europa.eu\/de\/mitglieder\/\"><img decoding=\"async\" src=\"https:\/\/www.efos-europa.eu\/typo3conf\/ext\/sr_language_menu\/flags\/de.gif\" alt=\"Deutsch\" title=\"Deutsch\"\/><\/a><\/figure>\n\n\n\n<figure class=\"wp-block-table\"><table class=\"has-fixed-layout\"><tbody><tr><td><\/td><td><\/td><\/tr><\/tbody><\/table><\/figure>\n\n\n\n<p><a href=\"https:\/\/www.efos-europa.eu\/en\/\">Home<\/a>\/<a href=\"https:\/\/www.efos-europa.eu\/en\/members\/\">Members<\/a><\/p>\n\n\n\n<ul class=\"wp-block-list\">\n<li><a href=\"https:\/\/www.efos-europa.eu\/en\/\">Home<\/a><\/li>\n\n\n\n<li><a href=\"https:\/\/www.efos-europa.eu\/en\/events\/\">Events<\/a><\/li>\n\n\n\n<li><a href=\"https:\/\/www.efos-europa.eu\/en\/efos-manifesto\/\">EFOS Manifesto<\/a><\/li>\n\n\n\n<li><a href=\"https:\/\/www.efos-europa.eu\/en\/projects\/\">Projects<\/a><\/li>\n\n\n\n<li><a href=\"https:\/\/www.efos-europa.eu\/en\/other-activities\/\">Other Activities<\/a><\/li>\n\n\n\n<li><a href=\"https:\/\/www.efos-europa.eu\/en\/efos-news\/\">EFOS News<\/a><\/li>\n\n\n\n<li><a href=\"https:\/\/www.efos-europa.eu\/en\/action-plan\/\">Action Plan<\/a><\/li>\n\n\n\n<li><a href=\"https:\/\/www.efos-europa.eu\/en\/news\/\">News<\/a><\/li>\n\n\n\n<li><a href=\"https:\/\/www.efos-europa.eu\/en\/publications\/\">Publications<\/a><\/li>\n\n\n\n<li><a href=\"https:\/\/www.efos-europa.eu\/en\/history\/\">History<\/a><\/li>\n<\/ul>\n\n\n\n<figure class=\"wp-block-image\"><a href=\"http:\/\/validator.w3.org\/check?uri=referer\"><img decoding=\"async\" src=\"http:\/\/www.w3.org\/Icons\/valid-xhtml10\" alt=\"Valid XHTML 1.0 Transitional\"\/><\/a><\/figure>\n\n\n\n<h1 class=\"wp-block-heading\">Members<\/h1>\n\n\n\n<figure class=\"wp-block-image\"><img decoding=\"async\" src=\"https:\/\/www.efos-europa.eu\/uploads\/pics\/europe_03.jpg\" alt=\"\"\/><\/figure>\n\n\n\n<h1 class=\"wp-block-heading\">Honorary Members<\/h1>\n\n\n\n<p>Dr. Mag. Rosemarie Kurz, Graz, Austria<br>Mag.a Herta Spitaler, Wien, Austria<\/p>\n\n\n\n<h1 class=\"wp-block-heading\">Institutional Members<\/h1>\n\n\n\n<p><strong>Austria<\/strong><\/p>\n\n\n\n<ul class=\"wp-block-list\">\n<li><a href=\"http:\/\/efos-europa.eu\/?id=112\">\u00d6sterreichische Hochsch\u00fclerschaft Karl-Franzens Universit\u00e4t Graz<\/a><\/li>\n\n\n\n<li><a href=\"https:\/\/www.efos-europa.eu\/en\/members\/wien\/\">Hochsch\u00fclerInnenschaft an der Uni Wien<\/a><\/li>\n<\/ul>\n\n\n\n<p><strong><br>Czech Republic<\/strong><\/p>\n\n\n\n<ul class=\"wp-block-list\">\n<li><a href=\"https:\/\/www.efos-europa.eu\/en\/members\/brno\/\">Technical University, Brno<\/a><\/li>\n\n\n\n<li><a href=\"https:\/\/www.efos-europa.eu\/en\/members\/pilsen\/\">Charles University, Faculty of Medicine, Pilsen<\/a><\/li>\n\n\n\n<li><a href=\"https:\/\/www.tul.cz\/en\/home-page\/\" target=\"_blank\" rel=\"noreferrer noopener\">Technical University, Liberec<\/a><\/li>\n<\/ul>\n\n\n\n<p><strong>Croatia<\/strong><\/p>\n\n\n\n<ul class=\"wp-block-list\">\n<li><a href=\"https:\/\/www.pou.hr\/en\" target=\"_blank\" rel=\"noreferrer noopener\">Public Open University Zagreb<\/a><\/li>\n<\/ul>\n\n\n\n<p>&nbsp;<strong>France<\/strong><\/p>\n\n\n\n<ul class=\"wp-block-list\">\n<li><a href=\"https:\/\/www.efos-europa.eu\/en\/members\/toulouse\/\">Universit\u00e9 du Troisi\u00e8me \u00c2ge, Toulouse<\/a><\/li>\n<\/ul>\n\n\n\n<p>&nbsp;<strong>Germany<\/strong><\/p>\n\n\n\n<ul class=\"wp-block-list\">\n<li><a href=\"https:\/\/www.efos-europa.eu\/en\/members\/berlin\/\">Berliner Akademie f\u00fcr weiterbildende Studien e.V.<\/a><\/li>\n\n\n\n<li><a href=\"https:\/\/www.efos-europa.eu\/en\/members\/chemnitz\/\">Seniorenkolleg an der TU Chemnitz<\/a><\/li>\n\n\n\n<li><a href=\"https:\/\/www.efos-europa.eu\/en\/members\/dresden\/\">Dresdner Seniorenakademie Wissenschaft und Kunst, Dresden<\/a><\/li>\n\n\n\n<li><a href=\"https:\/\/www.efos-europa.eu\/en\/members\/kiel\/\">Kontaktstudium nach Beruf und Familie an der Christian-Albrechts-Universit\u00e4t zu Kiel e.V.<\/a><\/li>\n\n\n\n<li><a href=\"https:\/\/www.efos-europa.eu\/en\/members\/cologne\/\">fgs &#8211; Verein zur F\u00f6rderung des Gasth\u00f6rer- und Seniorenstudiums an der Universit\u00e4t zu K\u00f6ln e.V.. K\u00f6ln<\/a><\/li>\n\n\n\n<li><a href=\"https:\/\/www.efos-europa.eu\/en\/members\/leipzig\/\">Universit\u00e4t Leipzig, Wissenschaftliche Weiterbildung und Fernstudium, Leipzig<\/a><\/li>\n\n\n\n<li><a href=\"https:\/\/www.efos-europa.eu\/en\/members\/magdeburg\/\">Otto-von-Guericke-Universit\u00e4t, Magdeburg<\/a><\/li>\n\n\n\n<li><a href=\"https:\/\/www.efos-europa.eu\/en\/members\/ulm\/\">Akademie ZAWiW, Ulm<\/a><\/li>\n\n\n\n<li><a href=\"https:\/\/www.seniorenstudium.uni-muenchen.de\/index.html\" target=\"_blank\" rel=\"noreferrer noopener\">Ludwig Maximilians Universit\u00e4t Munchen, Zentrum Seniorenstudium<\/a>\u00a0(seniorenstudium@lmu.de)<\/li>\n<\/ul>\n\n\n\n<p><strong>Netherlands<\/strong><\/p>\n\n\n\n<ul class=\"wp-block-list\">\n<li><a href=\"https:\/\/www.efos-europa.eu\/en\/members\/netherlands\/\">HOVO-Nederland<\/a><\/li>\n<\/ul>\n","protected":false},"excerpt":{"rendered":"<p>NGO with consultative status at the U.N. European Federation of Older Students Europ\u00e4ische Vereinigung \u00e4lterer Studierender an den Universit\u00e4ten European Federation of Older Students at the Universities F\u00e9d\u00e9ration Europ\u00e9enne des \u00c9tudiants \u00c2g\u00e9s aux Universit\u00e9s Home\/Members Members Honorary Members Dr. Mag. Rosemarie Kurz, Graz, AustriaMag.a Herta Spitaler, Wien, Austria Institutional Members Austria Czech Republic Croatia &nbsp;France [&hellip;]<\/p>\n","protected":false},"author":1,"featured_media":0,"parent":0,"menu_order":0,"comment_status":"closed","ping_status":"closed","template":"","meta":{"footnotes":""},"class_list":["post-11","page","type-page","status-publish","hentry"],"yoast_head":"<!-- This site is optimized with the Yoast SEO plugin v25.5 - https:\/\/yoast.com\/wordpress\/plugins\/seo\/ -->\n<title>Members - NEW Efos Europe<\/title>\n<meta name=\"robots\" content=\"index, follow, max-snippet:-1, max-image-preview:large, max-video-preview:-1\" \/>\n<link rel=\"canonical\" href=\"https:\/\/staging.efos-europa.eu\/?page_id=11\" \/>\n<meta property=\"og:locale\" content=\"en_US\" \/>\n<meta property=\"og:type\" content=\"article\" \/>\n<meta property=\"og:title\" content=\"Members - NEW Efos Europe\" \/>\n<meta property=\"og:description\" content=\"NGO with consultative status at the U.N. European Federation of Older Students Europ\u00e4ische Vereinigung \u00e4lterer Studierender an den Universit\u00e4ten European Federation of Older Students at the Universities F\u00e9d\u00e9ration Europ\u00e9enne des \u00c9tudiants \u00c2g\u00e9s aux Universit\u00e9s Home\/Members Members Honorary Members Dr. Mag. Rosemarie Kurz, Graz, AustriaMag.a Herta Spitaler, Wien, Austria Institutional Members Austria Czech Republic Croatia &nbsp;France [&hellip;]\" \/>\n<meta property=\"og:url\" content=\"https:\/\/staging.efos-europa.eu\/?page_id=11\" \/>\n<meta property=\"og:site_name\" content=\"NEW Efos Europe\" \/>\n<meta property=\"og:image\" content=\"https:\/\/www.efos-europa.eu\/fileadmin\/templates\/efos\/Afbeeldingen\/boom140x135.jpg\" \/>\n<meta name=\"twitter:card\" content=\"summary_large_image\" \/>\n<meta name=\"twitter:label1\" content=\"Est. reading time\" \/>\n\t<meta name=\"twitter:data1\" content=\"2 minutes\" \/>\n<script type=\"application\/ld+json\" class=\"yoast-schema-graph\">{\"@context\":\"https:\/\/schema.org\",\"@graph\":[{\"@type\":\"WebPage\",\"@id\":\"https:\/\/staging.efos-europa.eu\/?page_id=11\",\"url\":\"https:\/\/staging.efos-europa.eu\/?page_id=11\",\"name\":\"Members - NEW Efos Europe\",\"isPartOf\":{\"@id\":\"https:\/\/staging.efos-europa.eu\/#website\"},\"primaryImageOfPage\":{\"@id\":\"https:\/\/staging.efos-europa.eu\/?page_id=11#primaryimage\"},\"image\":{\"@id\":\"https:\/\/staging.efos-europa.eu\/?page_id=11#primaryimage\"},\"thumbnailUrl\":\"https:\/\/www.efos-europa.eu\/fileadmin\/templates\/efos\/Afbeeldingen\/boom140x135.jpg\",\"datePublished\":\"2025-07-23T16:02:43+00:00\",\"breadcrumb\":{\"@id\":\"https:\/\/staging.efos-europa.eu\/?page_id=11#breadcrumb\"},\"inLanguage\":\"en-US\",\"potentialAction\":[{\"@type\":\"ReadAction\",\"target\":[\"https:\/\/staging.efos-europa.eu\/?page_id=11\"]}]},{\"@type\":\"ImageObject\",\"inLanguage\":\"en-US\",\"@id\":\"https:\/\/staging.efos-europa.eu\/?page_id=11#primaryimage\",\"url\":\"https:\/\/www.efos-europa.eu\/fileadmin\/templates\/efos\/Afbeeldingen\/boom140x135.jpg\",\"contentUrl\":\"https:\/\/www.efos-europa.eu\/fileadmin\/templates\/efos\/Afbeeldingen\/boom140x135.jpg\"},{\"@type\":\"BreadcrumbList\",\"@id\":\"https:\/\/staging.efos-europa.eu\/?page_id=11#breadcrumb\",\"itemListElement\":[{\"@type\":\"ListItem\",\"position\":1,\"name\":\"Home\",\"item\":\"https:\/\/staging.efos-europa.eu\/\"},{\"@type\":\"ListItem\",\"position\":2,\"name\":\"Members\"}]},{\"@type\":\"WebSite\",\"@id\":\"https:\/\/staging.efos-europa.eu\/#website\",\"url\":\"https:\/\/staging.efos-europa.eu\/\",\"name\":\"NEW Efos Europe\",\"description\":\"\",\"potentialAction\":[{\"@type\":\"SearchAction\",\"target\":{\"@type\":\"EntryPoint\",\"urlTemplate\":\"https:\/\/staging.efos-europa.eu\/?s={search_term_string}\"},\"query-input\":{\"@type\":\"PropertyValueSpecification\",\"valueRequired\":true,\"valueName\":\"search_term_string\"}}],\"inLanguage\":\"en-US\"}]}<\/script>\n<!-- \/ Yoast SEO plugin. -->","yoast_head_json":{"title":"Members - NEW Efos Europe","robots":{"index":"index","follow":"follow","max-snippet":"max-snippet:-1","max-image-preview":"max-image-preview:large","max-video-preview":"max-video-preview:-1"},"canonical":"https:\/\/staging.efos-europa.eu\/?page_id=11","og_locale":"en_US","og_type":"article","og_title":"Members - NEW Efos Europe","og_description":"NGO with consultative status at the U.N. European Federation of Older Students Europ\u00e4ische Vereinigung \u00e4lterer Studierender an den Universit\u00e4ten European Federation of Older Students at the Universities F\u00e9d\u00e9ration Europ\u00e9enne des \u00c9tudiants \u00c2g\u00e9s aux Universit\u00e9s Home\/Members Members Honorary Members Dr. Mag. Rosemarie Kurz, Graz, AustriaMag.a Herta Spitaler, Wien, Austria Institutional Members Austria Czech Republic Croatia &nbsp;France [&hellip;]","og_url":"https:\/\/staging.efos-europa.eu\/?page_id=11","og_site_name":"NEW Efos Europe","og_image":[{"url":"https:\/\/www.efos-europa.eu\/fileadmin\/templates\/efos\/Afbeeldingen\/boom140x135.jpg","type":"","width":"","height":""}],"twitter_card":"summary_large_image","twitter_misc":{"Est. reading time":"2 minutes"},"schema":{"@context":"https:\/\/schema.org","@graph":[{"@type":"WebPage","@id":"https:\/\/staging.efos-europa.eu\/?page_id=11","url":"https:\/\/staging.efos-europa.eu\/?page_id=11","name":"Members - NEW Efos Europe","isPartOf":{"@id":"https:\/\/staging.efos-europa.eu\/#website"},"primaryImageOfPage":{"@id":"https:\/\/staging.efos-europa.eu\/?page_id=11#primaryimage"},"image":{"@id":"https:\/\/staging.efos-europa.eu\/?page_id=11#primaryimage"},"thumbnailUrl":"https:\/\/www.efos-europa.eu\/fileadmin\/templates\/efos\/Afbeeldingen\/boom140x135.jpg","datePublished":"2025-07-23T16:02:43+00:00","breadcrumb":{"@id":"https:\/\/staging.efos-europa.eu\/?page_id=11#breadcrumb"},"inLanguage":"en-US","potentialAction":[{"@type":"ReadAction","target":["https:\/\/staging.efos-europa.eu\/?page_id=11"]}]},{"@type":"ImageObject","inLanguage":"en-US","@id":"https:\/\/staging.efos-europa.eu\/?page_id=11#primaryimage","url":"https:\/\/www.efos-europa.eu\/fileadmin\/templates\/efos\/Afbeeldingen\/boom140x135.jpg","contentUrl":"https:\/\/www.efos-europa.eu\/fileadmin\/templates\/efos\/Afbeeldingen\/boom140x135.jpg"},{"@type":"BreadcrumbList","@id":"https:\/\/staging.efos-europa.eu\/?page_id=11#breadcrumb","itemListElement":[{"@type":"ListItem","position":1,"name":"Home","item":"https:\/\/staging.efos-europa.eu\/"},{"@type":"ListItem","position":2,"name":"Members"}]},{"@type":"WebSite","@id":"https:\/\/staging.efos-europa.eu\/#website","url":"https:\/\/staging.efos-europa.eu\/","name":"NEW Efos Europe","description":"","potentialAction":[{"@type":"SearchAction","target":{"@type":"EntryPoint","urlTemplate":"https:\/\/staging.efos-europa.eu\/?s={search_term_string}"},"query-input":{"@type":"PropertyValueSpecification","valueRequired":true,"valueName":"search_term_string"}}],"inLanguage":"en-US"}]}},"_links":{"self":[{"href":"https:\/\/staging.efos-europa.eu\/index.php?rest_route=\/wp\/v2\/pages\/11","targetHints":{"allow":["GET"]}}],"collection":[{"href":"https:\/\/staging.efos-europa.eu\/index.php?rest_route=\/wp\/v2\/pages"}],"about":[{"href":"https:\/\/staging.efos-europa.eu\/index.php?rest_route=\/wp\/v2\/types\/page"}],"author":[{"embeddable":true,"href":"https:\/\/staging.efos-europa.eu\/index.php?rest_route=\/wp\/v2\/users\/1"}],"replies":[{"embeddable":true,"href":"https:\/\/staging.efos-europa.eu\/index.php?rest_route=%2Fwp%2Fv2%2Fcomments&post=11"}],"version-history":[{"count":1,"href":"https:\/\/staging.efos-europa.eu\/index.php?rest_route=\/wp\/v2\/pages\/11\/revisions"}],"predecessor-version":[{"id":13,"href":"https:\/\/staging.efos-europa.eu\/index.php?rest_route=\/wp\/v2\/pages\/11\/revisions\/13"}],"wp:attachment":[{"href":"https:\/\/staging.efos-europa.eu\/index.php?rest_route=%2Fwp%2Fv2%2Fmedia&parent=11"}],"curies":[{"name":"wp","href":"https:\/\/api.w.org\/{rel}","templated":true}]}}